{"id":608,"date":"2020-01-31T06:50:02","date_gmt":"2020-01-31T06:50:02","guid":{"rendered":"https:\/\/www.demoapus-wp1.com\/findus\/?page_id=608"},"modified":"2020-01-31T06:50:02","modified_gmt":"2020-01-31T06:50:02","slug":"listing-list","status":"publish","type":"page","link":"https:\/\/istanbuluneniyileri.com.tr\/?page_id=608","title":{"rendered":"Listing List"},"content":{"rendered":"<div class=\"job_listings\" data-location=\"\" data-keywords=\"\" data-show_filters=\"true\" data-show_pagination=\"false\" data-per_page=\"9\" data-orderby=\"featured\" data-order=\"DESC\" data-categories=\"\" data-disable-form-state-storage=\"\" data-featured_first=\"false\" data-post_id=\"608\" ><div class=\"apus-grid-layout style-grid container apus-listing-warpper has-sidebar\">\n\t<div class=\"row\">\n\t\t<div class=\"col-md-4 col-xs-12 pull-left sidebar-left\">\n\t\t<div class=\"wrapper-filters1 filter-v1 clearfix\">\n\t\t\t\t\t<span class=\"show-filter show-filter1 hidden-lg btn btn-xs btn-theme\">\n\t\t\t<i class=\"fas fa-sliders-h\"><\/i>\n\t\t<\/span>\n\t\t<form class=\"job_filters job_filters-location\">\n\t\t\t\t\t\t<input type=\"hidden\" name=\"filter_display_mode\" value=\"grid\">\n\t\t\t<input type=\"hidden\" name=\"filter_listing_columns\" value=\"2\">\n\t\t\t<input id=\"input_filter_order\" type=\"hidden\" name=\"filter_order\" value=\"default\">\n\t\t\t<div class=\"filter-inner search_jobs\">\n\t\t\t\t\t\t\t\t<div class=\"fields-filter list-inner-full\">\n\t\t\t\t\t\t\t\t\t\t<div class=\"wrapper-top-filter clearfix\">\n\t\t\t\t\t\t<div class=\"search_keywords\">\n\t<input class=\"form-control style2\" type=\"text\" name=\"search_keywords\" placeholder=\"Keywords...\" value=\"\" \/>\n<\/div><div class=\"select-types\">\n\t\n\t\t\t\n\t\t<select name='job_type_select[]' id='job_type_select' class='job-manager-category-dropdown '  data-placeholder='Filter by type' data-no_results_text='Herhangi Bir E\u015fle\u015fme Bulunamad\u0131' data-multiple_text='Baz\u0131 Ayarlar\u0131 Se\u00e7in'>\n<option value=\"\">Filter by type<\/option>\t<option class=\"level-0\" value=\"5\">Freelance<\/option>\n\t<option class=\"level-0\" value=\"2\">Full Time<\/option>\n\t<option class=\"level-0\" value=\"6\">Internship<\/option>\n\t<option class=\"level-0\" value=\"3\">Part Time<\/option>\n\t<option class=\"level-0\" value=\"4\">Temporary<\/option>\n<\/select>\n\n<\/div>\t\n\t\t\t\t    <div class=\"field-region field-region1\">\n\t\t\t    <select class=\"select-field-region select-field-region1\" data-next=\"2\" autocomplete=\"off\" name=\"job_region_select[]\" data-placeholder=\"Filter by \">\n\t\t\t    \t<option value=\"\">Filter by <\/option>\n\t\t\t\t    \t\t\t\t\t      \t<option value=\"gb\" >GB<\/option>\n\t\t\t\t\t      \t\t\t\t\t\t      \t<option value=\"new-zealand\" >New Zealand<\/option>\n\t\t\t\t\t      \t\t\t\t\t\t      \t<option value=\"usa\" >USA<\/option>\n\t\t\t\t\t      \t\t\t\t    <\/select>\n\t\t    <\/div>\n\t\t\t\t\t\t\t\t\t    <div class=\"field-region field-region2\">\n\t\t    \t<select class=\"select-field-region select-field-region2\" data-next=\"3\" autocomplete=\"off\" name=\"job_region_select[]\" data-placeholder=\"Filter by \">\n\t\t    \t\t<option value=\"\">Filter by <\/option>\n\t\t    \t\t\t\t    \t<\/select>\n\t\t    <\/div>\n\t\t    \t\t\t\t\t\t\t\n<div class=\"search_location\">\n\t\t<input type=\"text\" class=\"form-control style2\" name=\"search_location\" id=\"search_location\" placeholder=\"Location\" value=\"\" autocomplete=\"off\" \/>\n\t<span class=\"clear-location\"><i class=\"ti-close\"><\/i><\/span>\n\t<\/div><div class=\"search_price_range clearfix\">\n\t\n\t<select class=\"filter_price_range\" data-placeholder=\"Price Range\" name=\"filter_price_range\">\n\t\t<option value=\"\">Price Range<\/option>\n\t\t\t\t\t<option value=\"inexpensive\" >$ Inexpensive<\/option>\n\t\t\t\t\t<option value=\"moderate\" >$$ Moderate<\/option>\n\t\t\t\t\t<option value=\"pricey\" >$$$ Pricey<\/option>\n\t\t\t\t\t<option value=\"ultra_high_end\" >$$$$ Ultra High<\/option>\n\t\t\t<\/select>\n\t\n<\/div><div class=\"price_slider_wrapper\">\n\t\t<div class=\"price-wrapper\">Price:  \n\t\t<span class=\"price\">\n\t\t\t<span class=\"price_from\"><span class=\"currency-symbol\">$<\/span><span class=\"price\">0<\/span><\/span>\n\t\t\t<span class=\"space\">-<\/span>\n\t\t\t<span class=\"price_to\"><span class=\"currency-symbol\">$<\/span><span class=\"price\">1,000,000<\/span><\/span>\n\t\t<\/span>\n\t<\/div>\n  \t<div class=\"price_range_slider\" data-max=\"1000000\" data-min=\"0\"><\/div>\n\n  \t<input type=\"hidden\" name=\"filter_price_from\" class=\"filter-price-from\" value=\"0\">\n  \t<input type=\"hidden\" name=\"filter_price_to\" class=\"filter-price-to\" value=\"1000000\">\n<\/div>\t\t\t\t\t<\/div>\n\t\t\t\t\t<div class=\"search_amenity_wrapper\">\n\t<h4 class=\"title-amenity\">Filter by Features<\/h4>\n\t<div class=\"amenities-wrap\">\n\t\t\t\t\t\t\t<ul class=\"job_amenities\">\n\t\t\t\t\t\t\t\t\t\t\t\t\t<li>\n\t\t\t\t\t\t\t\t<label for=\"job_amenity_accepts-credit-cards-9327\" class=\"accepts-credit-cards\">\n\t\t\t\t\t\t\t\t\t<input type=\"checkbox\" name=\"filter_job_amenity[]\" value=\"accepts-credit-cards\" id=\"job_amenity_accepts-credit-cards-9327\"  \/> Accepts Credit Cards\t\t\t\t\t\t\t\t<\/label>\n\t\t\t\t\t\t\t<\/li>\n\t\t\t\t\t\t\t\t\t\t\t\t\t<li>\n\t\t\t\t\t\t\t\t<label for=\"job_amenity_alarm-system-9327\" class=\"alarm-system\">\n\t\t\t\t\t\t\t\t\t<input type=\"checkbox\" name=\"filter_job_amenity[]\" value=\"alarm-system\" id=\"job_amenity_alarm-system-9327\"  \/> Alarm System\t\t\t\t\t\t\t\t<\/label>\n\t\t\t\t\t\t\t<\/li>\n\t\t\t\t\t\t\t\t\t\t\t\t\t<li>\n\t\t\t\t\t\t\t\t<label for=\"job_amenity_bike-parking-9327\" class=\"bike-parking\">\n\t\t\t\t\t\t\t\t\t<input type=\"checkbox\" name=\"filter_job_amenity[]\" value=\"bike-parking\" id=\"job_amenity_bike-parking-9327\"  \/> Bike Parking\t\t\t\t\t\t\t\t<\/label>\n\t\t\t\t\t\t\t<\/li>\n\t\t\t\t\t\t\t\t\t\t\t\t\t<li>\n\t\t\t\t\t\t\t\t<label for=\"job_amenity_coupons-9327\" class=\"coupons\">\n\t\t\t\t\t\t\t\t\t<input type=\"checkbox\" name=\"filter_job_amenity[]\" value=\"coupons\" id=\"job_amenity_coupons-9327\"  \/> Coupons\t\t\t\t\t\t\t\t<\/label>\n\t\t\t\t\t\t\t<\/li>\n\t\t\t\t\t\t\t\t\t\t\t\t\t<li>\n\t\t\t\t\t\t\t\t<label for=\"job_amenity_elevator-9327\" class=\"elevator\">\n\t\t\t\t\t\t\t\t\t<input type=\"checkbox\" name=\"filter_job_amenity[]\" value=\"elevator\" id=\"job_amenity_elevator-9327\"  \/> Elevator\t\t\t\t\t\t\t\t<\/label>\n\t\t\t\t\t\t\t<\/li>\n\t\t\t\t\t\t\t\t\t\t\t\t\t<li>\n\t\t\t\t\t\t\t\t<label for=\"job_amenity_outdoor-seating-9327\" class=\"outdoor-seating\">\n\t\t\t\t\t\t\t\t\t<input type=\"checkbox\" name=\"filter_job_amenity[]\" value=\"outdoor-seating\" id=\"job_amenity_outdoor-seating-9327\"  \/> Outdoor Seating\t\t\t\t\t\t\t\t<\/label>\n\t\t\t\t\t\t\t<\/li>\n\t\t\t\t\t\t\t\t\t\t\t\t\t<li>\n\t\t\t\t\t\t\t\t<label for=\"job_amenity_parking-street-9327\" class=\"parking-street\">\n\t\t\t\t\t\t\t\t\t<input type=\"checkbox\" name=\"filter_job_amenity[]\" value=\"parking-street\" id=\"job_amenity_parking-street-9327\"  \/> Parking Street\t\t\t\t\t\t\t\t<\/label>\n\t\t\t\t\t\t\t<\/li>\n\t\t\t\t\t\t\t\t\t\t\t\t\t<li>\n\t\t\t\t\t\t\t\t<label for=\"job_amenity_reservations-9327\" class=\"reservations\">\n\t\t\t\t\t\t\t\t\t<input type=\"checkbox\" name=\"filter_job_amenity[]\" value=\"reservations\" id=\"job_amenity_reservations-9327\"  \/> Reservations\t\t\t\t\t\t\t\t<\/label>\n\t\t\t\t\t\t\t<\/li>\n\t\t\t\t\t\t\t\t\t\t\t\t\t<li>\n\t\t\t\t\t\t\t\t<label for=\"job_amenity_security-cameras-9327\" class=\"security-cameras\">\n\t\t\t\t\t\t\t\t\t<input type=\"checkbox\" name=\"filter_job_amenity[]\" value=\"security-cameras\" id=\"job_amenity_security-cameras-9327\"  \/> Security Cameras\t\t\t\t\t\t\t\t<\/label>\n\t\t\t\t\t\t\t<\/li>\n\t\t\t\t\t\t\t\t\t\t\t\t\t<li>\n\t\t\t\t\t\t\t\t<label for=\"job_amenity_smoking-allowed-9327\" class=\"smoking-allowed\">\n\t\t\t\t\t\t\t\t\t<input type=\"checkbox\" name=\"filter_job_amenity[]\" value=\"smoking-allowed\" id=\"job_amenity_smoking-allowed-9327\"  \/> Smoking Allowed\t\t\t\t\t\t\t\t<\/label>\n\t\t\t\t\t\t\t<\/li>\n\t\t\t\t\t\t\t\t\t\t\t\t\t<li>\n\t\t\t\t\t\t\t\t<label for=\"job_amenity_wheelchair-accesible-9327\" class=\"wheelchair-accesible\">\n\t\t\t\t\t\t\t\t\t<input type=\"checkbox\" name=\"filter_job_amenity[]\" value=\"wheelchair-accesible\" id=\"job_amenity_wheelchair-accesible-9327\"  \/> Wheelchair Accesible\t\t\t\t\t\t\t\t<\/label>\n\t\t\t\t\t\t\t<\/li>\n\t\t\t\t\t\t\t\t\t\t\t\t\t<li>\n\t\t\t\t\t\t\t\t<label for=\"job_amenity_wireless-internet-9327\" class=\"wireless-internet\">\n\t\t\t\t\t\t\t\t\t<input type=\"checkbox\" name=\"filter_job_amenity[]\" value=\"wireless-internet\" id=\"job_amenity_wireless-internet-9327\"  \/> Wireless Internet\t\t\t\t\t\t\t\t<\/label>\n\t\t\t\t\t\t\t<\/li>\n\t\t\t\t\t\t\t\t\t\t\t<\/ul>\n\t\t\t\t\t\t\t\t\n\t<\/div>\n<\/div>\t\t\t\t\t\n\t\t\t\t\t<div class=\"submit-filter\">\n\t\t\t\t\t\t<button class=\"btn btn-theme btn-filter\" type=\"button\">Filter<\/button>\n\t\t\t\t\t<\/div>\n\n\t\t\t\t\t<div class=\"listing-search-result-filter\"><\/div>\n\t\t\t\t\t\n\t\t\t\t\t\t\t\t\t<\/div>\n\n\t\t\t\t<div class=\"showing_jobs\"><\/div>\n\t\t\t\t\t\t\t<\/div>\n\t\t<\/form>\n\t<\/div>\n\t\n\t\t\t   \t\n\t<\/div>\n\t<div class=\"col-md-8 col-xs-12 main-results\">\n\t<div class=\"main-content-listings\">\n\t\t\n\t\t<div class=\"listing-action clearfix\">\n\t\t\t<div class=\"row flex-middle\">\n\t\t\t\t<div class=\"col-xs-6 col-md-8\">\n\t\t\t\t\t<div class=\"listing-search-result\"><div class=\"results\">0 Results Found<\/div><\/div>\n\t\t\t\t<\/div>\n\n\t\t\t\t\t\t\t\t<div class=\"col-xs-6 col-md-4 text-right\">\n\t\t\t\t\t\t\t\t\t\t<div class=\"listing-orderby\">\n\t\t\t\t\t\t<select name=\"filter_order\" autocomplete=\"off\" placeholder=\"Sort By\">\n\t\t\t\t\t\t\t\t\t\t\t\t\t\t\t<option value=\"default\" selected=\"selected\">Default Order<\/option>\n\t\t\t\t\t\t\t\t\t\t\t\t\t\t\t<option value=\"date-desc\" >Newest First<\/option>\n\t\t\t\t\t\t\t\t\t\t\t\t\t\t\t<option value=\"date-asc\" >Oldest First<\/option>\n\t\t\t\t\t\t\t\t\t\t\t\t\t\t\t<option value=\"rating-desc\" >Highest Rating<\/option>\n\t\t\t\t\t\t\t\t\t\t\t\t\t\t\t<option value=\"rating-asc\" >Lowest Rating<\/option>\n\t\t\t\t\t\t\t\t\t\t\t\t\t\t\t<option value=\"random\" >Random<\/option>\n\t\t\t\t\t\t\t\t\t\t\t\t\t<\/select>\n\t\t\t\t\t<\/div>\n\t\t\t\t<\/div>\n\t\t\t<\/div>\n\t\t<\/div>\n\t\t<div class=\"job_listings job_listings_cards clearfix row loading\">\t\t\n\t\t<\/div>\n\t\t\t\t\t<a class=\"load_more_jobs\" href=\"#\"><strong>Load more listings<\/strong><\/a>\n\t\t\t<\/div>\n<\/div><a class=\"load_more_jobs\" href=\"#\" style=\"display:none;\"><strong>Daha fazla ilan<\/strong><\/a>\t<\/div>\n<\/div><\/div>","protected":false},"excerpt":{"rendered":"","protected":false},"author":1,"featured_media":0,"parent":0,"menu_order":0,"comment_status":"closed","ping_status":"closed","template":"page-listing.php","meta":{"footnotes":""},"class_list":["post-608","page","type-page","status-publish","hentry"],"_links":{"self":[{"href":"https:\/\/istanbuluneniyileri.com.tr\/index.php?rest_route=\/wp\/v2\/pages\/608","targetHints":{"allow":["GET"]}}],"collection":[{"href":"https:\/\/istanbuluneniyileri.com.tr\/index.php?rest_route=\/wp\/v2\/pages"}],"about":[{"href":"https:\/\/istanbuluneniyileri.com.tr\/index.php?rest_route=\/wp\/v2\/types\/page"}],"author":[{"embeddable":true,"href":"https:\/\/istanbuluneniyileri.com.tr\/index.php?rest_route=\/wp\/v2\/users\/1"}],"replies":[{"embeddable":true,"href":"https:\/\/istanbuluneniyileri.com.tr\/index.php?rest_route=%2Fwp%2Fv2%2Fcomments&post=608"}],"version-history":[{"count":0,"href":"https:\/\/istanbuluneniyileri.com.tr\/index.php?rest_route=\/wp\/v2\/pages\/608\/revisions"}],"wp:attachment":[{"href":"https:\/\/istanbuluneniyileri.com.tr\/index.php?rest_route=%2Fwp%2Fv2%2Fmedia&parent=608"}],"curies":[{"name":"wp","href":"https:\/\/api.w.org\/{rel}","templated":true}]}}